{"id":51,"date":"2023-05-30T12:23:59","date_gmt":"2023-05-30T10:23:59","guid":{"rendered":"https:\/\/www.globallusso.com\/?page_id=51"},"modified":"2025-06-11T19:35:37","modified_gmt":"2025-06-11T17:35:37","slug":"contacto","status":"publish","type":"page","link":"https:\/\/www.globallusso.com\/ca\/contacto\/","title":{"rendered":"Contacto"},"content":{"rendered":"\t\t<div data-elementor-type=\"wp-page\" data-elementor-id=\"51\" class=\"elementor elementor-51\" data-elementor-post-type=\"page\">\n\t\t\t\t\t\t<section class=\"elementor-section elementor-top-section elementor-element elementor-element-af50702 elementor-section-boxed elementor-section-height-default elementor-section-height-default\" data-id=\"af50702\" data-element_type=\"section\" data-e-type=\"section\" data-settings=\"{&quot;background_background&quot;:&quot;slideshow&quot;,&quot;background_slideshow_gallery&quot;:[{&quot;id&quot;:203,&quot;url&quot;:&quot;https:\\\/\\\/www.globallusso.com\\\/wp-content\\\/uploads\\\/2023\\\/05\\\/2-1.jpg&quot;},{&quot;id&quot;:202,&quot;url&quot;:&quot;https:\\\/\\\/www.globallusso.com\\\/wp-content\\\/uploads\\\/2023\\\/05\\\/1-1.jpg&quot;}],&quot;background_slideshow_slide_duration&quot;:2000,&quot;background_slideshow_ken_burns&quot;:&quot;yes&quot;,&quot;background_slideshow_loop&quot;:&quot;yes&quot;,&quot;background_slideshow_slide_transition&quot;:&quot;fade&quot;,&quot;background_slideshow_transition_duration&quot;:500,&quot;background_slideshow_ken_burns_zoom_direction&quot;:&quot;in&quot;}\">\n\t\t\t\t\t\t<div class=\"elementor-container elementor-column-gap-default\">\n\t\t\t\t\t<div class=\"elementor-column elementor-col-100 elementor-top-column elementor-element elementor-element-d644f80\" data-id=\"d644f80\" data-element_type=\"column\" data-e-type=\"column\">\n\t\t\t<div class=\"elementor-widget-wrap elementor-element-populated\">\n\t\t\t\t\t\t<div class=\"elementor-element elementor-element-3239f3b elementor-widget elementor-widget-spacer\" data-id=\"3239f3b\" data-element_type=\"widget\" data-e-type=\"widget\" data-widget_type=\"spacer.default\">\n\t\t\t\t<div class=\"elementor-widget-container\">\n\t\t\t\t\t\t\t<div class=\"elementor-spacer\">\n\t\t\t<div class=\"elementor-spacer-inner\"><\/div>\n\t\t<\/div>\n\t\t\t\t\t\t<\/div>\n\t\t\t\t<\/div>\n\t\t\t\t\t<\/div>\n\t\t<\/div>\n\t\t\t\t\t<\/div>\n\t\t<\/section>\n\t\t\t\t<section class=\"elementor-section elementor-top-section elementor-element elementor-element-53fcc55 animated-slow elementor-section-boxed elementor-section-height-default elementor-section-height-default elementor-invisible\" data-id=\"53fcc55\" data-element_type=\"section\" data-e-type=\"section\" data-settings=\"{&quot;animation&quot;:&quot;fadeIn&quot;,&quot;animation_delay&quot;:200}\">\n\t\t\t\t\t\t<div class=\"elementor-container elementor-column-gap-default\">\n\t\t\t\t\t<div class=\"elementor-column elementor-col-50 elementor-top-column elementor-element elementor-element-ee23107\" data-id=\"ee23107\" data-element_type=\"column\" data-e-type=\"column\">\n\t\t\t<div class=\"elementor-widget-wrap elementor-element-populated\">\n\t\t\t\t\t\t<div class=\"elementor-element elementor-element-fdb5a88 elementor-widget elementor-widget-heading\" data-id=\"fdb5a88\" data-element_type=\"widget\" data-e-type=\"widget\" data-widget_type=\"heading.default\">\n\t\t\t\t<div class=\"elementor-widget-container\">\n\t\t\t\t\t<h2 class=\"elementor-heading-title elementor-size-default\">Ponte en contacto con nosotros<\/h2>\t\t\t\t<\/div>\n\t\t\t\t<\/div>\n\t\t\t\t<div class=\"elementor-element elementor-element-4b2332c elementor-widget-divider--view-line elementor-widget elementor-widget-divider\" data-id=\"4b2332c\" data-element_type=\"widget\" data-e-type=\"widget\" data-widget_type=\"divider.default\">\n\t\t\t\t<div class=\"elementor-widget-container\">\n\t\t\t\t\t\t\t<div class=\"elementor-divider\">\n\t\t\t<span class=\"elementor-divider-separator\">\n\t\t\t\t\t\t<\/span>\n\t\t<\/div>\n\t\t\t\t\t\t<\/div>\n\t\t\t\t<\/div>\n\t\t\t\t<div class=\"elementor-element elementor-element-092d943 elementor-widget elementor-widget-text-editor\" data-id=\"092d943\" data-element_type=\"widget\" data-e-type=\"widget\" data-widget_type=\"text-editor.default\">\n\t\t\t\t<div class=\"elementor-widget-container\">\n\t\t\t\t\t\t\t\t\t<p><strong>Encu\u00e9ntranos en<br \/><\/strong>Ctra. Figueres a Roses, km 34,<br \/>3 C-260, 17486 Castell\u00f3 d&#8217;Emp\u00faries<br \/>Girona<\/p><p><span style=\"font-weight: bolder;\">Ll\u00e1manos<\/span><br \/><a style=\"background-color: #ffffff; color: #000000; letter-spacing: 0.7px;\" href=\"tel:+34649921606\">(+34) 649 921 606<\/a><br \/><a style=\"background-color: #ffffff; color: #000000; letter-spacing: 0.7px;\" href=\"tel:+34632386372\">(+34) 632 386 372<\/a><\/p><p><strong>Escr\u00edbenos<br \/><\/strong><span style=\"color: #000000;\"><a style=\"color: #000000;\" href=\"mailto:comercial@globallusso.com\">comercial@globallusso.com<\/a><\/span><\/p>\t\t\t\t\t\t\t\t<\/div>\n\t\t\t\t<\/div>\n\t\t\t\t<div class=\"elementor-element elementor-element-2304d21 elementor-view-default elementor-widget elementor-widget-icon\" data-id=\"2304d21\" data-element_type=\"widget\" data-e-type=\"widget\" data-widget_type=\"icon.default\">\n\t\t\t\t<div class=\"elementor-widget-container\">\n\t\t\t\t\t\t\t<div class=\"elementor-icon-wrapper\">\n\t\t\t<div class=\"elementor-icon\">\n\t\t\t<svg xmlns=\"http:\/\/www.w3.org\/2000\/svg\" id=\"b\" width=\"91.78\" height=\"98.43\" viewBox=\"0 0 91.78 98.43\"><path d=\"M45.89,9.37C24.51,9.37,7.12,26.95,7.12,48.55s17.39,39.18,38.77,39.18,38.77-17.57,38.77-39.18S67.27,9.37,45.89,9.37Zm0,73.72c-18.88,0-34.19-15.47-34.19-34.55S27.01,14,45.89,14s34.19,15.47,34.19,34.55-15.31,34.55-34.19,34.55Z\" style=\"fill:#bea481;\"><\/path><path d=\"M52.11,48.63V25.86c2.08,.45,4.01,1.16,5.75,2.17,3.18,1.84,5.66,4.24,7.42,7.2l3.03-2.68c-1.52-2.4-3.33-4.45-5.46-6.16-2.12-1.71-4.54-3.03-7.24-3.95-2.7-.92-5.7-1.38-8.98-1.38-3.79,0-7.29,.68-10.49,2.03-3.21,1.35-6.01,3.25-8.41,5.7-2.4,2.45-4.25,5.36-5.57,8.73-1.31,3.37-1.97,7.04-1.97,11.02s.66,7.66,1.97,11.03c1.31,3.37,3.17,6.28,5.57,8.73,2.4,2.45,5.2,4.35,8.41,5.7,3.21,1.35,6.71,2.03,10.49,2.03s7.38-.74,10.46-2.22c3.08-1.48,5.71-3.5,7.88-6.05,2.17-2.55,3.81-5.48,4.93-8.77,1.11-3.29,1.67-6.75,1.67-10.38h-19.47Zm12.95,11.33c-1.06,2.3-2.46,4.34-4.2,6.13-1.74,1.79-3.8,3.19-6.18,4.21-2.37,1.02-5.05,1.53-8.03,1.53-4.19,0-7.94-1-11.25-2.99-3.31-1.99-5.94-4.73-7.88-8.23-1.94-3.49-2.91-7.52-2.91-12.06s.97-8.62,2.91-12.1c1.94-3.47,4.59-6.2,7.92-8.19,.22-.13,.45-.25,.68-.37V62.81h19.56v-4.39h-14.94V26.03c1.87-.5,3.85-.75,5.92-.75,.46,0,.89,.05,1.34,.07v25.81h.02v1.45h19.02c-.25,2.6-.91,5.05-1.97,7.35Z\" style=\"fill:#bea481;\"><\/path><\/svg>\t\t\t<\/div>\n\t\t<\/div>\n\t\t\t\t\t\t<\/div>\n\t\t\t\t<\/div>\n\t\t\t\t\t<\/div>\n\t\t<\/div>\n\t\t\t\t<div class=\"elementor-column elementor-col-50 elementor-top-column elementor-element elementor-element-a806d3e\" data-id=\"a806d3e\" data-element_type=\"column\" data-e-type=\"column\">\n\t\t\t<div class=\"elementor-widget-wrap elementor-element-populated\">\n\t\t\t\t\t\t<div class=\"elementor-element elementor-element-f9a0b48 elementor-widget elementor-widget-text-editor\" data-id=\"f9a0b48\" data-element_type=\"widget\" data-e-type=\"widget\" data-widget_type=\"text-editor.default\">\n\t\t\t\t<div class=\"elementor-widget-container\">\n\t\t\t\t\t\t\t\t\tSi tienes dudas sobre un inmueble o alguno de nuestros servicios, o necesitas asesoramiento personalizado, ponte en contacto con nosotros a trav\u00e9s del formulario, te contestaremos lo antes posible.\t\t\t\t\t\t\t\t<\/div>\n\t\t\t\t<\/div>\n\t\t\t\t<div class=\"elementor-element elementor-element-f4b21d8 elementor-button-align-end elementor-widget elementor-widget-form\" data-id=\"f4b21d8\" data-element_type=\"widget\" data-e-type=\"widget\" data-settings=\"{&quot;step_next_label&quot;:&quot;Siguiente&quot;,&quot;step_previous_label&quot;:&quot;Anterior&quot;,&quot;button_width&quot;:&quot;100&quot;,&quot;step_type&quot;:&quot;number_text&quot;,&quot;step_icon_shape&quot;:&quot;circle&quot;}\" data-widget_type=\"form.default\">\n\t\t\t\t<div class=\"elementor-widget-container\">\n\t\t\t\t\t\t\t<form class=\"elementor-form\" method=\"post\" name=\"Form Global Lusso\" aria-label=\"Form Global Lusso\">\n\t\t\t<input type=\"hidden\" name=\"post_id\" value=\"51\"\/>\n\t\t\t<input type=\"hidden\" name=\"form_id\" value=\"f4b21d8\"\/>\n\t\t\t<input type=\"hidden\" name=\"referer_title\" value=\"Contacto \u2013 Global Lusso, inmobiliaria de lujo en la Costa Brava\" \/>\n\n\t\t\t\t\t\t\t<input type=\"hidden\" name=\"queried_id\" value=\"51\"\/>\n\t\t\t\n\t\t\t<div class=\"elementor-form-fields-wrapper elementor-labels-\">\n\t\t\t\t\t\t\t\t<div class=\"elementor-field-type-text elementor-field-group elementor-column elementor-field-group-name elementor-col-100\">\n\t\t\t\t\t\t\t\t\t\t\t\t<label for=\"form-field-name\" class=\"elementor-field-label elementor-screen-only\">\n\t\t\t\t\t\t\t\tNombre\t\t\t\t\t\t\t<\/label>\n\t\t\t\t\t\t\t\t\t\t\t\t\t\t<input size=\"1\" type=\"text\" name=\"form_fields[name]\" id=\"form-field-name\" class=\"elementor-field elementor-size-sm  elementor-field-textual\" placeholder=\"Nombre y apellidos\">\n\t\t\t\t\t\t\t\t\t\t\t<\/div>\n\t\t\t\t\t\t\t\t<div class=\"elementor-field-type-email elementor-field-group elementor-column elementor-field-group-email elementor-col-50 elementor-field-required\">\n\t\t\t\t\t\t\t\t\t\t\t\t<label for=\"form-field-email\" class=\"elementor-field-label elementor-screen-only\">\n\t\t\t\t\t\t\t\tCorreo electr\u00f3nico\t\t\t\t\t\t\t<\/label>\n\t\t\t\t\t\t\t\t\t\t\t\t\t\t<input size=\"1\" type=\"email\" name=\"form_fields[email]\" id=\"form-field-email\" class=\"elementor-field elementor-size-sm  elementor-field-textual\" placeholder=\"Correo electr\u00f3nico\" required=\"required\">\n\t\t\t\t\t\t\t\t\t\t\t<\/div>\n\t\t\t\t\t\t\t\t<div class=\"elementor-field-type-tel elementor-field-group elementor-column elementor-field-group-field_4744615 elementor-col-50 elementor-field-required\">\n\t\t\t\t\t\t\t\t\t\t\t\t<label for=\"form-field-field_4744615\" class=\"elementor-field-label elementor-screen-only\">\n\t\t\t\t\t\t\t\tTel\t\t\t\t\t\t\t<\/label>\n\t\t\t\t\t\t\t\t<input size=\"1\" type=\"tel\" name=\"form_fields[field_4744615]\" id=\"form-field-field_4744615\" class=\"elementor-field elementor-size-sm  elementor-field-textual\" placeholder=\"Tel\u00e9fono\" required=\"required\" pattern=\"[0-9()#&amp;+*-=.]+\" title=\"Solo se aceptan n\u00fameros y caracteres de tel\u00e9fono (#,-,*,etc).\">\n\n\t\t\t\t\t\t<\/div>\n\t\t\t\t\t\t\t\t<div class=\"elementor-field-type-textarea elementor-field-group elementor-column elementor-field-group-message elementor-col-100\">\n\t\t\t\t\t\t\t\t\t\t\t\t<label for=\"form-field-message\" class=\"elementor-field-label elementor-screen-only\">\n\t\t\t\t\t\t\t\tMensaje\t\t\t\t\t\t\t<\/label>\n\t\t\t\t\t\t<textarea class=\"elementor-field-textual elementor-field  elementor-size-sm\" name=\"form_fields[message]\" id=\"form-field-message\" rows=\"4\" placeholder=\"Mensaje\"><\/textarea>\t\t\t\t<\/div>\n\t\t\t\t\t\t\t\t<div class=\"elementor-field-type-acceptance elementor-field-group elementor-column elementor-field-group-field_fc0d316 elementor-col-100 elementor-field-required\">\n\t\t\t\t\t\t\t<div class=\"elementor-field-subgroup\">\n\t\t\t<span class=\"elementor-field-option\">\n\t\t\t\t<input type=\"checkbox\" name=\"form_fields[field_fc0d316]\" id=\"form-field-field_fc0d316\" class=\"elementor-field elementor-size-sm  elementor-acceptance-field\" required=\"required\">\n\t\t\t\t<label for=\"form-field-field_fc0d316\"><span style=\"font-size: 12px\">Doy permiso para que mis datos sean tratados tal y como se indica en la Pol\u00edtica de privacidad<\/span><\/label>\t\t\t<\/span>\n\t\t<\/div>\n\t\t\t\t\t\t<\/div>\n\t\t\t\t\t\t\t\t<div class=\"elementor-field-type-recaptcha elementor-field-group elementor-column elementor-field-group-field_d0a90f1 elementor-col-100\">\n\t\t\t\t\t<div class=\"elementor-field\" id=\"form-field-field_d0a90f1\"><div class=\"elementor-g-recaptcha\" data-sitekey=\"6LeJ_gkrAAAAAEVYULXbbQqmggp9V6POV9AdrfvE\" data-type=\"v2_checkbox\" data-theme=\"light\" data-size=\"normal\"><\/div><\/div>\t\t\t\t<\/div>\n\t\t\t\t\t\t\t\t<div class=\"elementor-field-group elementor-column elementor-field-type-submit elementor-col-100 e-form__buttons\">\n\t\t\t\t\t<button class=\"elementor-button elementor-size-sm elementor-animation-grow\" type=\"submit\">\n\t\t\t\t\t\t<span class=\"elementor-button-content-wrapper\">\n\t\t\t\t\t\t\t\t\t\t\t\t\t\t\t\t\t\t\t\t\t\t<span class=\"elementor-button-text\">Enviar<\/span>\n\t\t\t\t\t\t\t\t\t\t\t\t\t<\/span>\n\t\t\t\t\t<\/button>\n\t\t\t\t<\/div>\n\t\t\t<\/div>\n\t\t<\/form>\n\t\t\t\t\t\t<\/div>\n\t\t\t\t<\/div>\n\t\t\t\t\t<\/div>\n\t\t<\/div>\n\t\t\t\t\t<\/div>\n\t\t<\/section>\n\t\t\t\t<section class=\"elementor-section elementor-top-section elementor-element elementor-element-a172dac elementor-section-full_width elementor-section-height-default elementor-section-height-default\" data-id=\"a172dac\" data-element_type=\"section\" data-e-type=\"section\">\n\t\t\t\t\t\t<div class=\"elementor-container elementor-column-gap-default\">\n\t\t\t\t\t<div class=\"elementor-column elementor-col-100 elementor-top-column elementor-element elementor-element-1f7d81e\" data-id=\"1f7d81e\" data-element_type=\"column\" data-e-type=\"column\">\n\t\t\t<div class=\"elementor-widget-wrap elementor-element-populated\">\n\t\t\t\t\t\t<div class=\"elementor-element elementor-element-0daec80 elementor-invisible elementor-widget elementor-widget-google_maps\" data-id=\"0daec80\" data-element_type=\"widget\" data-e-type=\"widget\" data-settings=\"{&quot;_animation&quot;:&quot;fadeIn&quot;}\" data-widget_type=\"google_maps.default\">\n\t\t\t\t<div class=\"elementor-widget-container\">\n\t\t\t\t\t\t\t<div class=\"elementor-custom-embed\">\n\t\t\t<iframe loading=\"lazy\"\n\t\t\t\t\tsrc=\"https:\/\/maps.google.com\/maps?q=Global%20Lusso%20Real%20Estate%20%26%20Yachting&#038;t=m&#038;z=12&#038;output=embed&#038;iwloc=near\"\n\t\t\t\t\ttitle=\"Global Lusso Real Estate &amp; Yachting\"\n\t\t\t\t\taria-label=\"Global Lusso Real Estate &amp; Yachting\"\n\t\t\t><\/iframe>\n\t\t<\/div>\n\t\t\t\t\t\t<\/div>\n\t\t\t\t<\/div>\n\t\t\t\t\t<\/div>\n\t\t<\/div>\n\t\t\t\t\t<\/div>\n\t\t<\/section>\n\t\t\t\t<\/div>\n\t\t","protected":false},"excerpt":{"rendered":"<p>Ponte en contacto con nosotros Encu\u00e9ntranos en Ctra. Figueres a Roses, km 34, 3 C-260, 17486 Castell\u00f3 d&#8217;Emp\u00faries Girona Ll\u00e1manos (+34) 649 921 606 (+34) 632 386 372 Escr\u00edbenos comercial@globallusso.com Si tienes dudas sobre un inmueble o alguno de nuestros servicios, o necesitas asesoramiento personalizado, ponte en contacto con nosotros a trav\u00e9s del formulario, te [&hellip;]<\/p>\n","protected":false},"author":2,"featured_media":0,"parent":0,"menu_order":0,"comment_status":"closed","ping_status":"closed","template":"","meta":{"footnotes":""},"class_list":["post-51","page","type-page","status-publish","hentry"],"yoast_head":"<!-- This site is optimized with the Yoast SEO plugin v27.4 - https:\/\/yoast.com\/product\/yoast-seo-wordpress\/ -->\n<title>Contacto \u2013 Global Lusso, inmobiliaria de lujo en la Costa Brava<\/title>\n<meta name=\"description\" content=\"Global Lusso es una inmobiliaria de lujo en la Costa Brava. Tenemos pisos y casas de lujo en la zona del Empord\u00e0 y Costa Brava.\" \/>\n<meta name=\"robots\" content=\"index, follow, max-snippet:-1, max-image-preview:large, max-video-preview:-1\" \/>\n<link rel=\"canonical\" href=\"https:\/\/www.globallusso.com\/ca\/contacto\/\" \/>\n<meta property=\"og:locale\" content=\"ca_ES\" \/>\n<meta property=\"og:type\" content=\"article\" \/>\n<meta property=\"og:title\" content=\"Contacto \u2013 Global Lusso, inmobiliaria de lujo en la Costa Brava\" \/>\n<meta property=\"og:description\" content=\"Global Lusso es una inmobiliaria de lujo en la Costa Brava. Tenemos pisos y casas de lujo en la zona del Empord\u00e0 y Costa Brava.\" \/>\n<meta property=\"og:url\" content=\"https:\/\/www.globallusso.com\/ca\/contacto\/\" \/>\n<meta property=\"og:site_name\" content=\"Global Lusso\" \/>\n<meta property=\"article:modified_time\" content=\"2025-06-11T17:35:37+00:00\" \/>\n<meta name=\"twitter:card\" content=\"summary_large_image\" \/>\n<meta name=\"twitter:label1\" content=\"Temps estimat de lectura\" \/>\n\t<meta name=\"twitter:data1\" content=\"1 minut\" \/>\n<script type=\"application\/ld+json\" class=\"yoast-schema-graph\">{\"@context\":\"https:\\\/\\\/schema.org\",\"@graph\":[{\"@type\":\"WebPage\",\"@id\":\"https:\\\/\\\/www.globallusso.com\\\/contacto\\\/\",\"url\":\"https:\\\/\\\/www.globallusso.com\\\/contacto\\\/\",\"name\":\"Contacto \u2013 Global Lusso, inmobiliaria de lujo en la Costa Brava\",\"isPartOf\":{\"@id\":\"https:\\\/\\\/www.globallusso.com\\\/#website\"},\"datePublished\":\"2023-05-30T10:23:59+00:00\",\"dateModified\":\"2025-06-11T17:35:37+00:00\",\"description\":\"Global Lusso es una inmobiliaria de lujo en la Costa Brava. Tenemos pisos y casas de lujo en la zona del Empord\u00e0 y Costa Brava.\",\"breadcrumb\":{\"@id\":\"https:\\\/\\\/www.globallusso.com\\\/contacto\\\/#breadcrumb\"},\"inLanguage\":\"ca\",\"potentialAction\":[{\"@type\":\"ReadAction\",\"target\":[\"https:\\\/\\\/www.globallusso.com\\\/contacto\\\/\"]}]},{\"@type\":\"BreadcrumbList\",\"@id\":\"https:\\\/\\\/www.globallusso.com\\\/contacto\\\/#breadcrumb\",\"itemListElement\":[{\"@type\":\"ListItem\",\"position\":1,\"name\":\"Portada\",\"item\":\"https:\\\/\\\/www.globallusso.com\\\/\"},{\"@type\":\"ListItem\",\"position\":2,\"name\":\"Contacto\"}]},{\"@type\":\"WebSite\",\"@id\":\"https:\\\/\\\/www.globallusso.com\\\/#website\",\"url\":\"https:\\\/\\\/www.globallusso.com\\\/\",\"name\":\"Global Lusso\",\"description\":\"Real Estate &amp; Yachting\",\"publisher\":{\"@id\":\"https:\\\/\\\/www.globallusso.com\\\/#organization\"},\"potentialAction\":[{\"@type\":\"SearchAction\",\"target\":{\"@type\":\"EntryPoint\",\"urlTemplate\":\"https:\\\/\\\/www.globallusso.com\\\/?s={search_term_string}\"},\"query-input\":{\"@type\":\"PropertyValueSpecification\",\"valueRequired\":true,\"valueName\":\"search_term_string\"}}],\"inLanguage\":\"ca\"},{\"@type\":\"Organization\",\"@id\":\"https:\\\/\\\/www.globallusso.com\\\/#organization\",\"name\":\"Global Lusso SL\",\"url\":\"https:\\\/\\\/www.globallusso.com\\\/\",\"logo\":{\"@type\":\"ImageObject\",\"inLanguage\":\"ca\",\"@id\":\"https:\\\/\\\/www.globallusso.com\\\/#\\\/schema\\\/logo\\\/image\\\/\",\"url\":\"https:\\\/\\\/www.globallusso.com\\\/wp-content\\\/uploads\\\/2023\\\/04\\\/GLOBAL-LUSSO-CA-BrandGuidelines-12.svg\",\"contentUrl\":\"https:\\\/\\\/www.globallusso.com\\\/wp-content\\\/uploads\\\/2023\\\/04\\\/GLOBAL-LUSSO-CA-BrandGuidelines-12.svg\",\"caption\":\"Global Lusso SL\"},\"image\":{\"@id\":\"https:\\\/\\\/www.globallusso.com\\\/#\\\/schema\\\/logo\\\/image\\\/\"}}]}<\/script>\n<!-- \/ Yoast SEO plugin. -->","yoast_head_json":{"title":"Contacto \u2013 Global Lusso, inmobiliaria de lujo en la Costa Brava","description":"Global Lusso es una inmobiliaria de lujo en la Costa Brava. Tenemos pisos y casas de lujo en la zona del Empord\u00e0 y Costa Brava.","robots":{"index":"index","follow":"follow","max-snippet":"max-snippet:-1","max-image-preview":"max-image-preview:large","max-video-preview":"max-video-preview:-1"},"canonical":"https:\/\/www.globallusso.com\/ca\/contacto\/","og_locale":"ca_ES","og_type":"article","og_title":"Contacto \u2013 Global Lusso, inmobiliaria de lujo en la Costa Brava","og_description":"Global Lusso es una inmobiliaria de lujo en la Costa Brava. Tenemos pisos y casas de lujo en la zona del Empord\u00e0 y Costa Brava.","og_url":"https:\/\/www.globallusso.com\/ca\/contacto\/","og_site_name":"Global Lusso","article_modified_time":"2025-06-11T17:35:37+00:00","twitter_card":"summary_large_image","twitter_misc":{"Temps estimat de lectura":"1 minut"},"schema":{"@context":"https:\/\/schema.org","@graph":[{"@type":"WebPage","@id":"https:\/\/www.globallusso.com\/contacto\/","url":"https:\/\/www.globallusso.com\/contacto\/","name":"Contacto \u2013 Global Lusso, inmobiliaria de lujo en la Costa Brava","isPartOf":{"@id":"https:\/\/www.globallusso.com\/#website"},"datePublished":"2023-05-30T10:23:59+00:00","dateModified":"2025-06-11T17:35:37+00:00","description":"Global Lusso es una inmobiliaria de lujo en la Costa Brava. Tenemos pisos y casas de lujo en la zona del Empord\u00e0 y Costa Brava.","breadcrumb":{"@id":"https:\/\/www.globallusso.com\/contacto\/#breadcrumb"},"inLanguage":"ca","potentialAction":[{"@type":"ReadAction","target":["https:\/\/www.globallusso.com\/contacto\/"]}]},{"@type":"BreadcrumbList","@id":"https:\/\/www.globallusso.com\/contacto\/#breadcrumb","itemListElement":[{"@type":"ListItem","position":1,"name":"Portada","item":"https:\/\/www.globallusso.com\/"},{"@type":"ListItem","position":2,"name":"Contacto"}]},{"@type":"WebSite","@id":"https:\/\/www.globallusso.com\/#website","url":"https:\/\/www.globallusso.com\/","name":"Global Lusso","description":"Real Estate &amp; Yachting","publisher":{"@id":"https:\/\/www.globallusso.com\/#organization"},"potentialAction":[{"@type":"SearchAction","target":{"@type":"EntryPoint","urlTemplate":"https:\/\/www.globallusso.com\/?s={search_term_string}"},"query-input":{"@type":"PropertyValueSpecification","valueRequired":true,"valueName":"search_term_string"}}],"inLanguage":"ca"},{"@type":"Organization","@id":"https:\/\/www.globallusso.com\/#organization","name":"Global Lusso SL","url":"https:\/\/www.globallusso.com\/","logo":{"@type":"ImageObject","inLanguage":"ca","@id":"https:\/\/www.globallusso.com\/#\/schema\/logo\/image\/","url":"https:\/\/www.globallusso.com\/wp-content\/uploads\/2023\/04\/GLOBAL-LUSSO-CA-BrandGuidelines-12.svg","contentUrl":"https:\/\/www.globallusso.com\/wp-content\/uploads\/2023\/04\/GLOBAL-LUSSO-CA-BrandGuidelines-12.svg","caption":"Global Lusso SL"},"image":{"@id":"https:\/\/www.globallusso.com\/#\/schema\/logo\/image\/"}}]}},"_links":{"self":[{"href":"https:\/\/www.globallusso.com\/ca\/wp-json\/wp\/v2\/pages\/51","targetHints":{"allow":["GET"]}}],"collection":[{"href":"https:\/\/www.globallusso.com\/ca\/wp-json\/wp\/v2\/pages"}],"about":[{"href":"https:\/\/www.globallusso.com\/ca\/wp-json\/wp\/v2\/types\/page"}],"author":[{"embeddable":true,"href":"https:\/\/www.globallusso.com\/ca\/wp-json\/wp\/v2\/users\/2"}],"replies":[{"embeddable":true,"href":"https:\/\/www.globallusso.com\/ca\/wp-json\/wp\/v2\/comments?post=51"}],"version-history":[{"count":29,"href":"https:\/\/www.globallusso.com\/ca\/wp-json\/wp\/v2\/pages\/51\/revisions"}],"predecessor-version":[{"id":5473,"href":"https:\/\/www.globallusso.com\/ca\/wp-json\/wp\/v2\/pages\/51\/revisions\/5473"}],"wp:attachment":[{"href":"https:\/\/www.globallusso.com\/ca\/wp-json\/wp\/v2\/media?parent=51"}],"curies":[{"name":"wp","href":"https:\/\/api.w.org\/{rel}","templated":true}]}}